{"id":1940,"date":"2023-05-08T13:19:13","date_gmt":"2023-05-08T13:19:13","guid":{"rendered":"http:\/\/217.160.34.57\/?page_id=1940"},"modified":"2023-05-08T13:19:13","modified_gmt":"2023-05-08T13:19:13","slug":"datenschutz","status":"publish","type":"page","link":"https:\/\/kaffkiez.com\/index.php\/datenschutz\/","title":{"rendered":"Datenschutz"},"content":{"rendered":"\n<p>\u200dDatenschutzbestimmungen der Website https:\/\/www.kaffkiez.com, welche betrieben wird von der KAFFKIEZ GbR, Weidach 5, 83569 Vogtareuth (nachfolgend: \u201ewir\u201c oder\u201eKAFFKIEZ\u201c) genannt.<br><br>\u200dVerantwortliche i.S.d. DSGVO, Datenschutz allgemein<br><br>\u200dDie Verantwortliche i.S.d. Datenschutzgrundverordnung (DSGVO) und f\u00fcr die Einhaltung sonstiger datenschutzrechtlicher Bestimmungen ist die:<br><br>KAFFKIEZ GbR, Weidach 5, 83569 Vogtareuth<br><br>Wir nehmen den Schutz personenbezogener Daten sehr ernst. Wir beachten beim Betrieb unserer Website die gesetzlichen Datenschutzbestimmungen. Wir m\u00f6chten, dass Ihr wisst, wann wir welche Daten erheben, verarbeiten und nutzen und welche Rechte Euch im Hinblick auf die Verwendung von Euren Daten zustehen.<br><br>Personenbezogene Daten sind Informationen, die dazu genutzt werden k\u00f6nnen, Eure Identit\u00e4t zu erfahren. Darunter fallen Informationen wie Euer Name, Adresse, Postanschrift, Telefonnummer, IP- Adresse und E-Mail-Adresse.<br><br>Informationen, die nicht mit Eurer Identit\u00e4t in Verbindung gebracht werden (wie zum Beispiel die Anzahl der Nutzerinnen und Nutzer der Website), fallen nicht darunter. Ihr k\u00f6nnt unsere Website grunds\u00e4tzlich ohne Offenlegung Eurer Identit\u00e4t, also ohne Eingabe der personenbezogenen Daten, nutzen. Diese Informationen (bspw. Datum und Uhrzeit des Zugriffs, URL (die Euch zu uns gef\u00fchrt hat und ggf. die Ihr \u00fcber unsere Website aufruft), Browser, Betriebssystem, Internet- Service-Provider, IP- Adresse) werden in einem Logfile abgespeichert. Rechtsgrundlage ist Art. 6 Abs. 1 lit. f DSGVO. Ausnahmen gelten f\u00fcr die entsprechend gekennzeichneten Bereiche, wie die Bestellm\u00f6glichkeit unseres Newsletters.<br><br>Die Speicherung von Logfiles findet statt, um die Funktionsf\u00e4higkeit, Optimierung und Sicherheit unserer Website sicherzustellen. Diese Informationen werden automatisch erhoben, es gibt keine Widerspruchsm\u00f6glichkeit. Nach Angaben unseres Hostinganbieters werden Logfiles in der Regel nach sieben Tagen gel\u00f6scht, mit Ausnahme der Access- Logfiles, diese werden 60 Tage vorgehalten und dann gel\u00f6scht oder verfremdet, so dass eine Zuordnung nicht mehr m\u00f6glich ist.\u00a0<br><br><br>\u200dRechtsgrundlagen nach der DSGVO<br><br>\u200dWir sind verpflichtet, Euch die Rechtsgrundlagen f\u00fcr die Verarbeitung personenbezogener Daten zu nennen: Wir d\u00fcrfen Eure personenbezogenen Daten grunds\u00e4tzlich nur nach Eurer Einwilligung erheben und verarbeiten, Art. 6 Abs. 1 lit. a DSGVO, es sei denn, eine vorherige Einholung ist nicht m\u00f6glich oder das Gesetz hat Ausnahmen bestimmt. Wir verarbeiten die \u00fcber Euch erhobenen personenbezogenen Daten zur Erf\u00fcllung unseres Vertrages oder auch bereits Vertragsanbahnungsverh\u00e4ltnisses. Rechtsgrundlage ist Art. 6 Abs. 1 lit. b DSGVO. Weitere Rechtsgrundlagen f\u00fcr die Verarbeitung personenbezogener Daten ist die Erf\u00fcllung unserer rechtlichen Verpflichtungen Art. 6 Abs. 1 lit.c. DSGVO oder die Wahrung Eurer lebenswichtiger Interessen oder einer anderen nat\u00fcrlichen Person, Art. 6 Abs. 1lit. d DSGVO. Wir d\u00fcrfen personenbezogene Daten ferner bei einem berechtigten Interesse unseres Unternehmens gem\u00e4\u00df Art. 6 Abs. 1 lit.f DSGVO verarbeiten, wenn in einer vorzunehmenden Abw\u00e4gung Eure Interessen, Grundrechte und Grundfreiheiten unsere Interessen nicht \u00fcberwiegen. Wir m\u00fcssen Euch auch darauf hinweisen, dass die Daten\u00fcbertragung im Internet mit Sicherheitsrisiken verbunden ist und ein l\u00fcckenloser Schutz der Daten vor dem Zugriff Dritter daher nicht gew\u00e4hrleistet werden kann. Achtet bitte Eurerseits darauf, dass Eure Daten und Euer Endger\u00e4t vor dem unberechtigten Zugriff Dritter und mit einer stets aktuellen Sicherheitssoftware gesch\u00fctzt sind. Eure Angaben speichern wir auf besonders gesch\u00fctzten Servern in Deutschland. Unsere Sicherheitsma\u00dfnahmen verbessern wir fortlaufend entsprechend der technischen Entwicklung, bspw. ist unsere Website SSL verschl\u00fcsselt. Die Speicherung,Verarbeitung und Nutzung Eurer Daten erfolgt bis auf die in diesen Datenschutzbestimmungen geregelten besonderen F\u00e4llen im \u00dcbrigen nur zurKontaktaufnahme mit Euch sowie zur Zusendung des von Euch bestellten Newsletters. Der Zugriff darauf ist nur wenigen besonders befugten Personen m\u00f6glich, die bspw. mit der technischen und inhaltlichen Betreuung des Bestellvorgangs und der Zusendung befasst sind.\u00a0<br><br><br>\u200dMarketingzwecke\/ Newsletter<br><br>\u200dEure Angaben d\u00fcrfen wir nur mit Eurer vorherigen Einwilligung f\u00fcr Marketingzwecke verwenden. Wenn Ihr Euch f\u00fcr unseren kostenlosen \u201cNewsletter\u201c eintragt, willigt Ihr ein, regelm\u00e4\u00dfig Neuigkeiten \u00fcber KAFFKIEZ und interessante Angebote aus dem Produktsortiment von KAFFKIEZ \u00fcber die von Euch angegebene E-Mail-Adresse zu erhalten. Ihr m\u00fcsst uns eine gesonderte Einwilligung unter Verweis auf unsere Datenschutzbestimmungen erteilen, diesgeschieht durch das Ankreuzen der Belehrung vor Aufgabe der Bestellung des Newsletters. Rechtsgrundlage f\u00fcr die Zusendung des Newsletters ist Art. 6 Abs.1 lit. a DSGVO. Wir erheben auch Eure IP- Adresse und das Datum sowie dieUhrzeit Eurer Anmeldung und Best\u00e4tigung nach dem sog. \u201cDouble-Opt-In-Verfahren\u201c. Diesen Newsletter k\u00f6nnt Ihr jederzeit, ohne dass hierf\u00fcr andere Kosten als die \u00dcbermittlungskosten nach den Basistarifen entstehen, unter\u00a0<a>kontakt@kaffkiez.com\u00a0<\/a>abbestellen, dies stellt einen Widerruf Eurer Einwilligung dar. Eure f\u00fcr die Anmeldung angegebene bei uns und unserem Management hinterlegte E- Mail-Adresse wird dann gel\u00f6scht. Eine entsprechende Abbestellfunktion \u201cAbmelden\/Unsubscribe\u201c finden Ihr zus\u00e4tzlich auch im Rahmen eines jeden versendeten Newsletters. Als Versanddienstleister haben wir \u201csendinblue\u201c gew\u00e4hlt, der besonderen Wert auf die Einhaltung der DSGVO legt:\u00a0<a>https:\/\/de.sendinblue.com\/datenschutz-uebersicht\/<\/a>.<br><br><br>\u200dWeitergabe personenbezogener Daten an Dritte<br><br>\u200dWir geben Eure Daten nicht ohne Eure ausdr\u00fcckliche Einwilligung an Dritte weiter. Unser Management ist von uns beauftragt, Anfragen zu bearbeiten und an uns weiterzuleiten sowie den Newsletter zu versenden. Zu einer \u00dcbermittlung von Daten an auskunftsberechtigte Stellen verpflichten wir uns gem\u00e4\u00df den gesetzlichen Bestimmungen.\u00a0<br><br><br>\u200dEinsatz von Cookies, Deaktivierungsm\u00f6glichkeit, Cookie- Banner<br><br>\u200dBei der Benutzung unserer Website kommen Cookies zum Einsatz. Die meisten Browser sind so eingestellt, dass sie Cookies automatisch akzeptieren. Ihr k\u00f6nnt das Speichern von Cookies jedoch einschr\u00e4nken, deaktivieren oder Euren Browser so einstellen, dass er Euch benachrichtigt, sobald Cookies gesendet werden. Ihr k\u00f6nnt auch bereits gespeicherte Cookies wieder l\u00f6schen. Bitte informiert Euch \u00fcber Art und Weise in den Bedienungshinweisen Eures Browser- Herstellers. Die vollst\u00e4ndige Deaktivierung kann jedoch die Funktionsf\u00e4higkeit unserer Website einschr\u00e4nken, so dass Ihr ggf. nicht alle Funktionen einwandfrei nutzen k\u00f6nnen. Cookies sind kleine Textdateien, die auf Eurem Rechner abgelegt werden und die Euer Browser speichert, um Euch ein m\u00f6glichst individuell gestaltetes Angebot pr\u00e4sentieren zu k\u00f6nnen, deswegen k\u00f6nnt Ihr auch \u00fcber den Einsatz von Cookies frei entscheiden. Greift Ihr auf unsere Website zu, liefert der Server des Anbieters neben der Seite dem Browser von Euch ggf. auch das Cookie mit zur\u00fcck. Der Browser entscheidet dann, je nach den lokalen Einstellungen, ob das Cookie auf Eurem Rechner gespeichert wird. Cookies k\u00f6nnen als reine Textdateien nicht in das System von Euch eindringen oder dort Schaden anrichten. Die Textdateien werden vom Server einer gew\u00e4hlten Website gesetzt und beim n\u00e4chsten Besuch auf dieser Website von Eurem Browser an den von uns genutzten Server geschickt. Wir setzen Cookies f\u00fcr das Z\u00e4hlen von Seitenaufrufen ein. Hierbei wird beim Nutzer eine Zufallszahl &#8211; eine Art Pseudonym &#8211; in Form des Cookies gesetzt, anhand derer der Server erkennt, dass die Anfrage vom selben Nutzer erfolgt, ohne aber Informationen \u00fcber die Identit\u00e4t oder sonstige Daten des Nutzers zu erhalten.Derartige Cookies haben \u00fcberdies in der Regel nur eine Lebensdauer von 24 Stunden. Die meisten der von uns verwendeten Cookies sind so genannte \u201eSession-Cookies\u201c. Sie werden nach Ende Eures Besuchs automatisch gel\u00f6scht. Ebenso k\u00f6nnen wir ein Cookie mit langer Lebensdauer setzen, dass die technischen Einstellungen Eures Browsers \u00fcberpr\u00fcft und als erste Information beim neuen Besuch auf unserer Website ausgelesen wird. Diese Cookies erkennenden aufrufenden Browser auch nach dem Ende einer Session und erneutem Seitenaufruf und dienen dazu, unsere Website anwendungsfreundlicher zu gestalten. Durch die Verwendung technisch notwendiger Cookies erstellen wir keine Nutzerprofile. Rechtsgrundlage ist Art. 6 Abs. 1 lit. f DSGVO. Beim Aufruf unserer Website erscheint ein Banner, der Euch informiert, dass wir Cookies setzen. Wir verweisen im Rahmen unseres Banners auf diese Datenschutzbestimmungen. Der Banner l\u00e4sst wesentliche Informationen unserer Website unverdeckt.\u00a0<br><br><br>\u200dAllgemeine Datenschutzbestimmungen hinsichtlich der Einbindung und Hinweise auf unsere sozialen Netzwerke und die von uns genutzten Video- und Musikplattformen.\u00a0<br><br>\u200dAllgemeine Datenschutzbestimmungen hinsichtlich der Einbindung und Hinweise auf unsere sozialen Netzwerke und die von uns genutzten Video- und Musikplattformen.\u00a0<br><br><br>Facebook<br>wird betrieben von der Facebook Inc.,1601 Willow Road, Menlo Park, California, 94025, USA (\u201eFacebook\u201c).Weitere Informationen \u00fcber den Zweck und Umfang und die Verarbeitung der Datenerhebung sowie Informationen \u00fcber die Einstellungsm\u00f6glichkeiten zum Schutz Eurer Privatsph\u00e4re entnehmt Ihr bitte den Datenschutzhinweisen von Facebook:\u00a0<a>https:\/\/www.facebook.com\/policy.php<\/a>.\u00a0<br><br>\u200dInstagram<br>wird betrieben von derInstagram LLC., 1601 Willow Road, Menlo Park, CA 94025, USA (\u201eInstagram\u201c).Unter dem nachfolgenden Link k\u00f6nnt Ihr Euch weitergehend bei Instagram \u00fcber die Datenschutzbestimmungen informieren:\u00a0<a>https:\/\/help.instagram.com\/519522125107875?helpref=page_content<\/a>.\u00a0<br><br><br>\u200dSpotify<br>wird betrieben von Spotify AB,Regeringsgatan 19, SE-111 53 Stockholm, Schweden (\u201eSpotify\u201c). Weitere Informationen \u00fcber den Zweck und Umfang und die Verarbeitung der Datenerhebungsowie Informationen \u00fcber die Einstellungsm\u00f6glichkeiten zum Schutz Eurer Privatsph\u00e4re entnehmt Ihr bitte den Datenschutzhinweisen von\u00a0<a>https:\/\/www.spotify.com\/de\/legal\/privacy-policy\/<\/a>.\u00a0<br><br>YouTube<br>wird bereitgestellt von der Firma Google Ireland Limited, Gordon House, Barrow Street, Dublin 4,Irland\u00a0 (\u201eYouTube\u201c). Informationen \u00fcber den Zweck und Umfang und die Verarbeitung der Datenerhebung sowie Informationen \u00fcber die Einstellungsm\u00f6glichkeiten zum Schutz Eurer Privatsph\u00e4re entnehmt Ihr bitte den Datenschutzhinweisen von YouTube (diese sind weitergeleitet auf die Datenschutzhinweise von Google):\u00a0<a>https:\/\/policies.google.com\/privacy?hl=de&amp;gl=de<\/a>.<br><br><br>TikTok<br>wird f\u00fcr Nutzer*innen mit st\u00e4ndigem Aufenthalt in der Bundesrepublik Deutschland und \u00d6sterreich angeboten von: TikTok Technology Limited, 10 Earlsfort Terrace, Dublin, D02 T380, Irland .Weitere Informationen \u00fcber den Zweck und Umfang und die Verarbeitung der Datenerhebung sowie Informationen \u00fcber die Einstellungsm\u00f6glichkeiten zum Schutz Eurer Privatsph\u00e4re entnehmt Ihr bitte den Datenschutzhinweisen von TikTok:\u00a0<a>https:\/\/www.tiktok.com\/legal\/tiktok-website-cookies-policy<\/a><br>\u200d<br>Betroffenenrechte (Auskunftsrecht, Recht auf Berichtigung undEinschr\u00e4nkung, L\u00f6schung, Widerrufsrecht, Daten\u00fcbertragungsrecht, Euer Recht bei automatisierten Entscheidungen, Widerspruchsrecht, Unterrichtungsrecht, Beschwerderecht bei der Aufsichtsbeh\u00f6rde).<br><br>\u200dDie DSGVO st\u00e4rkt Eure Rechte als Betroffene, wenn personenbezogene Datenverarbeitet werden. Die Aus\u00fcbung Eurer Rechte ist kostenlos.<br><br><br>\u200dAuskunftsrecht:<br><br>Wir sind verpflichtet, Euch auf Antrag Auskunft zuerteilen \u00fcber die zu Eurer Person gespeicherten Daten, auch, soweit sie sich auf die Herkunft dieser Daten beziehen, die Empf\u00e4nger oder Kategorien vonEmpf\u00e4ngern, den Zweck und die Dauer der Speicherung, ggf. unter Nennung vonEuren Kriterien, Art. 15 DSGVO.<br><br>Berichtigungsrecht:<br><br>Euer Recht auf Berichtigung umfasst personenbezogene Daten, die nicht vollst\u00e4ndig oderunrichtig bei uns erhoben bzw. verarbeitet werden, Art. 16 DSGVO.<br><br>\u200dL\u00f6schungsrecht:<br><br>\u200dIhr besitzt ein L\u00f6schungsrecht, wenn personenbezogene Daten unrechtm\u00e4\u00dfig verarbeitet wurden, der Zweck der Datenverarbeitung nicht mehr vorliegt, IhrEure Einwilligung widerruft oder Widerspruch erhoben habt und keine anderweitige gesetzliche Grundlage f\u00fcr die Verarbeitung besteht, Art. 17 Abs. 1DSGVO. Ein L\u00f6schungsanspruch besteht nicht, wenn wir uns auf die Wahrnehmung unserer Rechtsanspr\u00fcche berufen d\u00fcrfen, zur Erf\u00fcllung einer rechtlichen Verpflichtung, aus Gr\u00fcnden des \u00f6ffentlichen Interesses, zur \u00fcbertragenen Aus\u00fcbung \u00f6ffentlicher Gewalt oder aufgrund des Rechts derMeinungsfreiheit.<br><br>Einschr\u00e4nkungsrecht:<br><br>Euer Recht auf Einschr\u00e4nkung in die Verarbeitung Eurer personenbezogenen Daten besitzt Ihr gem\u00e4\u00df Art 18DSGVO, wenn Ihr statt der L\u00f6schung die Einschr\u00e4nkung verlangt, Ihr Eure Datenf\u00fcr Eure Rechtsanspr\u00fcche ben\u00f6tigt oder Ihr die Richtigkeit der personenbezogenen Daten bestreitet.\u00a0<br><br><br>\u200dWiderrufsrecht:<br><br>Ihr k\u00f6nnt jederzeit Eure einmal erteilte Einwilligungserkl\u00e4rung f\u00fcr die Zukunft widerrufen, Art. 7 Abs. 3 DSGVO.<br><br>\u200dDaten\u00fcbermittlungsrecht:<br><br>\u200dEuch steht das Recht auf Daten\u00fcbertragbarkeit zu, Art. 20 DSGVO, dahingehend, dass Ihr Eure personenbezogenen Daten in einem strukturierten, g\u00e4ngigen und maschinenlesbaren Format erhaltet. Ferner steht Euch das Recht zu, diese Daten ggf. einem Dritten zu \u00fcbermitteln.<br><br>\u200dEuer Recht bei automatisierten Entscheidungen im Einzelfall einschlie\u00dflich Profiling<br>hat gem\u00e4\u00df Art. 22 DSGVO den Inhalt, nicht einer Entscheidung auf Grundlage einer automatisierten Verarbeitung unterworfen zu sein, die Euch erheblich beeintr\u00e4chtigt. Eine Ausnahme kann neben Eurer Einwilligung dann bestehen, wenn eine Erforderlichkeit zu bejahen ist im Rahmen des Vertragsverh\u00e4ltnisses oder gesetzliche Vorschriften dies vorschreiben und gleichzeitig Ma\u00dfnahmen Euch hinreichend sch\u00fctzen.<br><br>\u200dBeschwerderecht bei der Aufsichtsbeh\u00f6rde:<br>Soweit Ihr der Ansicht seid, dass die Verarbeitung Eurer personenbezogener Daten gegen datenschutzrechtliche Bestimmungen, insbesondere die DSGVO, verst\u00f6\u00dft, habt Ihr das Recht der Beschwerde bei einer Aufsichtsbeh\u00f6rde, Art. 77 DSGVO. Zust\u00e4ndig ist die Aufsichtsbeh\u00f6rde des Ortes des von Euch monierten Versto\u00dfes, Eures Arbeitsplatzes oder in dem Mitgliedstaat Eures Aufenthaltsortes. Weitergehende Rechtsbehelfe bleiben hiervon unber\u00fchrt.<br><br>\u200dGesondertes Widerspruchsrecht:<br><br>Ihr besitzt ein jederzeit auszu\u00fcbendes Widerspruchsrecht gegen die Verarbeitung Eurer personenbezogener Daten, Art. 21DSGVO, wenn die Verarbeitung auf Grundlage von Art. 6 Abs. 1 lit. e oder fDSGVO erfolgt. Dieses Recht habt Ihr insbesondere, um Direktwerbung zuwidersprechen.<br><br><br>\u200dRecht auf Unterrichtung dahingehend, dass wir allen Empf\u00e4ngern, denen wir Eure personenbezogenen Daten offengelegt haben, die Aus\u00fcbung Eurer Betroffenenrechte mitteilen, Art.19 DSGVO.<br><br><br>\u200dDauer der Datenspeicherung, Datenl\u00f6schung<br><br>\u200dWir speichern Eure Daten nur so lange, wie es durch die genannten Normen der DSGVO vorgeschriebene Speicherfrist erlaubt, und\/oder der von Euch ggf. gew\u00fcnschten Kontaktm\u00f6glichkeit und Newsletterzusendung notwendig ist. Die Speicherung zur Sicherung unserer eigenen Anspr\u00fcche, gesetzliche Aufbewahrungs- und ggf. damit verbundene Herausgabeanspr\u00fcche, bleiben hiervon unber\u00fchrt. Andernfalls werden personenbezogene Daten gel\u00f6scht oder gesperrt.\u00a0<br><br><br>\u200dGeltung und \u00c4nderungen von Datenschutzbestimmungen<br><br>\u200dWir behalten uns aufgrund gesetzlicher Vorgaben oder der Weiterentwicklung der Website vor, die Datenschutzbestimmungen zu \u00e4ndern. Die aktuellen Datenschutzbestimmungen k\u00f6nnt Ihr jederzeit auf unserer Website einsehen und ausdrucken.<\/p>\n","protected":false},"excerpt":{"rendered":"<p>\u200dDatenschutzbestimmungen der Website https:\/\/www.kaffkiez.com, welche betrieben wird von der KAFFKIEZ GbR, Weidach 5, 83569 Vogtareuth (nachfolgend: \u201ewir\u201c oder\u201eKAFFKIEZ\u201c) genannt. \u200dVerantwortliche i.S.d. DSGVO, Datenschutz allgemein \u200dDie Verantwortliche i.S.d. Datenschutzgrundverordnung (DSGVO) und f\u00fcr die Einhaltung sonstiger datenschutzrechtlicher Bestimmungen ist die: KAFFKIEZ GbR, Weidach 5, 83569 Vogtareuth Wir nehmen den Schutz personenbezogener Daten sehr ernst. Wir beachten beim [&hellip;]<\/p>\n","protected":false},"author":1,"featured_media":0,"parent":0,"menu_order":0,"comment_status":"closed","ping_status":"closed","template":"","meta":{"site-sidebar-layout":"default","site-content-layout":"","ast-site-content-layout":"default","site-content-style":"default","site-sidebar-style":"default","ast-global-header-display":"","ast-banner-title-visibility":"","ast-main-header-display":"","ast-hfb-above-header-display":"","ast-hfb-below-header-display":"","ast-hfb-mobile-header-display":"","site-post-title":"","ast-breadcrumbs-content":"","ast-featured-img":"","footer-sml-layout":"","ast-disable-related-posts":"","theme-transparent-header-meta":"","adv-header-id-meta":"","stick-header-meta":"","header-above-stick-meta":"","header-main-stick-meta":"","header-below-stick-meta":"","astra-migrate-meta-layouts":"default","ast-page-background-enabled":"default","ast-page-background-meta":{"desktop":{"background-color":"var(--ast-global-color-4)","background-image":"","background-repeat":"repeat","background-position":"center center","background-size":"auto","background-attachment":"scroll","background-type":"","background-media":"","overlay-type":"","overlay-color":"","overlay-opacity":"","overlay-gradient":""},"tablet":{"background-color":"","background-image":"","background-repeat":"repeat","background-position":"center center","background-size":"auto","background-attachment":"scroll","background-type":"","background-media":"","overlay-type":"","overlay-color":"","overlay-opacity":"","overlay-gradient":""},"mobile":{"background-color":"","background-image":"","background-repeat":"repeat","background-position":"center center","background-size":"auto","background-attachment":"scroll","background-type":"","background-media":"","overlay-type":"","overlay-color":"","overlay-opacity":"","overlay-gradient":""}},"ast-content-background-meta":{"desktop":{"background-color":"var(--ast-global-color-5)","background-image":"","background-repeat":"repeat","background-position":"center center","background-size":"auto","background-attachment":"scroll","background-type":"","background-media":"","overlay-type":"","overlay-color":"","overlay-opacity":"","overlay-gradient":""},"tablet":{"background-color":"var(--ast-global-color-5)","background-image":"","background-repeat":"repeat","background-position":"center center","background-size":"auto","background-attachment":"scroll","background-type":"","background-media":"","overlay-type":"","overlay-color":"","overlay-opacity":"","overlay-gradient":""},"mobile":{"background-color":"var(--ast-global-color-5)","background-image":"","background-repeat":"repeat","background-position":"center center","background-size":"auto","background-attachment":"scroll","background-type":"","background-media":"","overlay-type":"","overlay-color":"","overlay-opacity":"","overlay-gradient":""}},"two_page_speed":[],"footnotes":""},"class_list":["post-1940","page","type-page","status-publish","hentry"],"_links":{"self":[{"href":"https:\/\/kaffkiez.com\/index.php\/wp-json\/wp\/v2\/pages\/1940","targetHints":{"allow":["GET"]}}],"collection":[{"href":"https:\/\/kaffkiez.com\/index.php\/wp-json\/wp\/v2\/pages"}],"about":[{"href":"https:\/\/kaffkiez.com\/index.php\/wp-json\/wp\/v2\/types\/page"}],"author":[{"embeddable":true,"href":"https:\/\/kaffkiez.com\/index.php\/wp-json\/wp\/v2\/users\/1"}],"replies":[{"embeddable":true,"href":"https:\/\/kaffkiez.com\/index.php\/wp-json\/wp\/v2\/comments?post=1940"}],"version-history":[{"count":0,"href":"https:\/\/kaffkiez.com\/index.php\/wp-json\/wp\/v2\/pages\/1940\/revisions"}],"wp:attachment":[{"href":"https:\/\/kaffkiez.com\/index.php\/wp-json\/wp\/v2\/media?parent=1940"}],"curies":[{"name":"wp","href":"https:\/\/api.w.org\/{rel}","templated":true}]}}